{"id":921,"date":"2026-02-22T12:53:58","date_gmt":"2026-02-22T12:53:58","guid":{"rendered":"https:\/\/www.voiceofdieuly.com\/?page_id=921"},"modified":"2026-03-10T18:18:12","modified_gmt":"2026-03-10T18:18:12","slug":"angebot-2","status":"publish","type":"page","link":"https:\/\/www.voiceofdieuly.com\/en\/angebot-2\/","title":{"rendered":"Services"},"content":{"rendered":"<div class=\"wp-block-uagb-image uagb-block-7ac89fee wp-block-uagb-image--layout-overlay wp-block-uagb-image--effect-static wp-block-uagb-image--align-none\"><figure class=\"wp-block-uagb-image__figure\"><img decoding=\"async\" srcset=\"https:\/\/www.voiceofdieuly.com\/wp-content\/uploads\/2026\/02\/IMG_7870-1024x632.jpg ,https:\/\/www.voiceofdieuly.com\/wp-content\/uploads\/2026\/02\/IMG_7870-scaled.jpg 780w, https:\/\/www.voiceofdieuly.com\/wp-content\/uploads\/2026\/02\/IMG_7870-scaled.jpg 360w\" sizes=\"auto, (max-width: 480px) 150px\" src=\"https:\/\/www.voiceofdieuly.com\/wp-content\/uploads\/2026\/02\/IMG_7870-1024x632.jpg\" alt=\"\" class=\"uag-image-974\" width=\"4283\" height=\"3212\" title=\"IMG_7870\" loading=\"lazy\" role=\"img\"\/><div class=\"wp-block-uagb-image--layout-overlay__color-wrapper\"><\/div><div class=\"wp-block-uagb-image--layout-overlay__inner center-center\"><h4 class=\"uagb-image-heading\">For moments that matter...<\/h4><\/div><\/figure><\/div>\n\n\n\n<div style=\"height:27px\" aria-hidden=\"true\" class=\"wp-block-spacer\"><\/div>\n\n\n\n<div style=\"height:0px\" aria-hidden=\"true\" class=\"wp-block-spacer\"><\/div>\n\n\n\n<div class=\"wp-block-uagb-container uagb-block-98e060af alignfull uagb-is-root-container\"><div class=\"uagb-container-inner-blocks-wrap\">\n<div class=\"wp-block-uagb-container uagb-block-49f364af\"><\/div>\n\n\n\n<div class=\"wp-block-uagb-container uagb-block-7f83f788\">\n<h1 class=\"wp-block-heading has-text-align-center\">Services<\/h1>\n<\/div>\n\n\n\n<div class=\"wp-block-uagb-container uagb-block-4883c1e6\"><\/div>\n\n\n\n<div class=\"wp-block-uagb-container uagb-block-823bcd7c\">\n<h4 class=\"wp-block-heading has-text-align-center\">Weddings<\/h4>\n\n\n\n<p class=\"has-text-align-center\">For moments that are held  and remembered. <a href=\"https:\/\/www.voiceofdieuly.com\/en\/angebot\/freie-hochzeitsreden\/\" data-type=\"page\" data-id=\"188\">Wedding Celebrant<\/a><\/p>\n<\/div>\n\n\n\n<div class=\"wp-block-uagb-container uagb-block-745aa48c\">\n<h4 class=\"wp-block-heading has-text-align-center\">Farewells<\/h4>\n\n\n\n<p class=\"has-text-align-center\">For farewells that ask for dignity, stillness and presence. <a href=\"https:\/\/www.voiceofdieuly.com\/en\/angebot\/trauerreden-abschiede\/\" data-type=\"page\" data-id=\"197\">Funeral Speeches &amp; Ceremonies<\/a><\/p>\n<\/div>\n\n\n\n<div class=\"wp-block-uagb-container uagb-block-70fae647\">\n<h4 class=\"wp-block-heading has-text-align-center\">InnerLight<\/h4>\n\n\n\n<p class=\"has-text-align-center\">For moments of transition and conscious inner alignment <a href=\"https:\/\/www.voiceofdieuly.com\/en\/angebot__trashed\/inner-light-mentoring\/\" data-type=\"page\" data-id=\"557\">InnerLight Mentoring<\/a><\/p>\n<\/div>\n<\/div><\/div>\n\n\n\n<div style=\"height:20px\" aria-hidden=\"true\" class=\"wp-block-spacer\"><\/div>\n\n\n\n<div class=\"wp-block-uagb-buttons uagb-buttons__outer-wrap uagb-btn__default-btn uagb-btn-tablet__default-btn uagb-btn-mobile__default-btn uagb-block-54e62d9a\"><div class=\"uagb-buttons__wrap uagb-buttons-layout-wrap\">\n<div class=\"wp-block-uagb-buttons-child uagb-buttons__outer-wrap uagb-block-1aa17fc3 wp-block-button\"><div class=\"uagb-button__wrapper\"><a class=\"uagb-buttons-repeater wp-block-button__link\" aria-label=\"\" href=\"https:\/\/www.voiceofdieuly.com\/en\/kontakt\/\" rel=\"follow noopener\" target=\"_self\" role=\"button\"><div class=\"uagb-button__link\">Request a first conversation<\/div><\/a><\/div><\/div>\n<\/div><\/div>\n\n\n\n<div class=\"wp-block-uagb-container uagb-block-971ba6a7 alignfull uagb-is-root-container\"><div class=\"uagb-container-inner-blocks-wrap\">\n<p><\/p>\n\n\n\n<p class=\"has-text-align-center\"><strong>\"I believe in the power of words spoken in the moments.\"<\/strong><\/p>\n\n\n\n<p class=\"has-text-align-center\"><\/p>\n<\/div><\/div>\n\n\n\n<div class=\"wp-block-uagb-container uagb-block-a0afb30f alignfull uagb-is-root-container\"><div class=\"uagb-container-inner-blocks-wrap\">\n<div class=\"wp-block-uagb-container uagb-block-55be9fbf\">\n<div class=\"wp-block-media-text is-stacked-on-mobile\" style=\"grid-template-columns:54% auto\"><figure class=\"wp-block-media-text__media\"><img loading=\"lazy\" decoding=\"async\" width=\"768\" height=\"1024\" src=\"https:\/\/www.voiceofdieuly.com\/wp-content\/uploads\/2026\/02\/IMG_0955-1-768x1024.jpeg\" alt=\"\" class=\"wp-image-959 size-full\" srcset=\"https:\/\/www.voiceofdieuly.com\/wp-content\/uploads\/2026\/02\/IMG_0955-1-768x1024.jpeg 768w, https:\/\/www.voiceofdieuly.com\/wp-content\/uploads\/2026\/02\/IMG_0955-1-225x300.jpeg 225w, https:\/\/www.voiceofdieuly.com\/wp-content\/uploads\/2026\/02\/IMG_0955-1-1152x1536.jpeg 1152w, https:\/\/www.voiceofdieuly.com\/wp-content\/uploads\/2026\/02\/IMG_0955-1-1536x2048.jpeg 1536w, https:\/\/www.voiceofdieuly.com\/wp-content\/uploads\/2026\/02\/IMG_0955-1-9x12.jpeg 9w, https:\/\/www.voiceofdieuly.com\/wp-content\/uploads\/2026\/02\/IMG_0955-1-scaled.jpeg 1920w\" sizes=\"auto, (max-width: 768px) 100vw, 768px\" \/><\/figure><div class=\"wp-block-media-text__content\">\n<p><\/p>\n\n\n\n<p class=\"has-text-align-left\"><strong>\"The day begins anew, like spring itself and yet, we are no longer the same.\"<\/strong><\/p>\n<\/div><\/div>\n<\/div>\n<\/div><\/div>\n\n\n\n<div style=\"height:50px\" aria-hidden=\"true\" class=\"wp-block-spacer\"><\/div>\n\n\n\n<div style=\"height:50px\" aria-hidden=\"true\" class=\"wp-block-spacer\"><\/div>","protected":false},"excerpt":{"rendered":"<p>Angebote Hochzeiten F\u00fcr Momente, die getragen und erinnert werden. Freie Hochzeitsrednerin Abschiede F\u00fcr Abschiede, die W\u00fcrde und Pr\u00e4senz brauchen. Trauerreden &amp; Abschiede InnerLight F\u00fcr Menschen in \u00dcberg\u00e4nge, die innehalten m\u00f6chten. InnerLight Mentoring &#8222;Ich glaube an die Kraft der gesprochenen Augenblicks.&#8220; &#8222;Der Tag beginnt neu, wie der Fr\u00fchling selbst&#8230; und doch sind wir nicht mehr dieselben.&#8220;<\/p>","protected":false},"author":2,"featured_media":0,"parent":0,"menu_order":0,"comment_status":"closed","ping_status":"closed","template":"","meta":{"_uag_custom_page_level_css":"","footnotes":""},"class_list":["post-921","page","type-page","status-publish"],"uagb_featured_image_src":{"full":false,"thumbnail":false,"medium":false,"medium_large":false,"large":false,"1536x1536":false,"2048x2048":false,"trp-custom-language-flag":false},"uagb_author_info":{"display_name":"Dieuly Doan","author_link":"https:\/\/www.voiceofdieuly.com\/en\/author\/dieulydoan\/"},"uagb_comment_info":0,"uagb_excerpt":"Angebote Hochzeiten F\u00fcr Momente, die getragen und erinnert werden. Freie Hochzeitsrednerin Abschiede F\u00fcr Abschiede, die W\u00fcrde und Pr\u00e4senz brauchen. Trauerreden &amp; Abschiede InnerLight F\u00fcr Menschen in \u00dcberg\u00e4nge, die innehalten m\u00f6chten. InnerLight Mentoring &#8222;Ich glaube an die Kraft der gesprochenen Augenblicks.&#8220; &#8222;Der Tag beginnt neu, wie der Fr\u00fchling selbst&#8230; und doch sind wir nicht mehr dieselben.&#8220;","_links":{"self":[{"href":"https:\/\/www.voiceofdieuly.com\/en\/wp-json\/wp\/v2\/pages\/921","targetHints":{"allow":["GET"]}}],"collection":[{"href":"https:\/\/www.voiceofdieuly.com\/en\/wp-json\/wp\/v2\/pages"}],"about":[{"href":"https:\/\/www.voiceofdieuly.com\/en\/wp-json\/wp\/v2\/types\/page"}],"author":[{"embeddable":true,"href":"https:\/\/www.voiceofdieuly.com\/en\/wp-json\/wp\/v2\/users\/2"}],"replies":[{"embeddable":true,"href":"https:\/\/www.voiceofdieuly.com\/en\/wp-json\/wp\/v2\/comments?post=921"}],"version-history":[{"count":19,"href":"https:\/\/www.voiceofdieuly.com\/en\/wp-json\/wp\/v2\/pages\/921\/revisions"}],"predecessor-version":[{"id":1078,"href":"https:\/\/www.voiceofdieuly.com\/en\/wp-json\/wp\/v2\/pages\/921\/revisions\/1078"}],"wp:attachment":[{"href":"https:\/\/www.voiceofdieuly.com\/en\/wp-json\/wp\/v2\/media?parent=921"}],"curies":[{"name":"wp","href":"https:\/\/api.w.org\/{rel}","templated":true}]}}