{"id":557,"date":"2026-02-11T11:17:06","date_gmt":"2026-02-11T11:17:06","guid":{"rendered":"https:\/\/www.voiceofdieuly.com\/?page_id=557"},"modified":"2026-03-10T18:35:15","modified_gmt":"2026-03-10T18:35:15","slug":"inner-light-mentoring","status":"publish","type":"page","link":"https:\/\/www.voiceofdieuly.com\/en\/inner-light-mentoring\/","title":{"rendered":"InnerLight Mentoring"},"content":{"rendered":"<div style=\"height:10px\" aria-hidden=\"true\" class=\"wp-block-spacer\"><\/div>\n\n\n\n<div class=\"wp-block-uagb-container uagb-block-dfdd4eb8 alignfull uagb-is-root-container\">\n<div class=\"wp-block-uagb-image alignfull uagb-block-e436a7f1 wp-block-uagb-image--layout-overlay wp-block-uagb-image--effect-static wp-block-uagb-image--align-full\"><figure class=\"wp-block-uagb-image__figure\"><img decoding=\"async\" srcset=\"https:\/\/www.voiceofdieuly.com\/wp-content\/uploads\/2026\/02\/IMG_0757-edited-1024x576.jpeg ,https:\/\/www.voiceofdieuly.com\/wp-content\/uploads\/2026\/02\/IMG_0757-edited-scaled.jpeg 780w, https:\/\/www.voiceofdieuly.com\/wp-content\/uploads\/2026\/02\/IMG_0757-edited-scaled.jpeg 360w\" sizes=\"auto, (max-width: 480px) 150px\" src=\"https:\/\/www.voiceofdieuly.com\/wp-content\/uploads\/2026\/02\/IMG_0757-edited-1024x576.jpeg\" alt=\"\" class=\"uag-image-970\" width=\"1023\" height=\"576\" title=\"\" loading=\"lazy\" role=\"presentation\"\/><div class=\"wp-block-uagb-image--layout-overlay__color-wrapper\"><\/div><div class=\"wp-block-uagb-image--layout-overlay__inner center-center\"><h4 class=\"uagb-image-heading\">For what shines within you...<\/h4><\/div><\/figure><\/div>\n<\/div>\n\n\n\n<div style=\"height:43px\" aria-hidden=\"true\" class=\"wp-block-spacer\"><\/div>\n\n\n\n<div class=\"wp-block-uagb-container uagb-block-73e0f216 alignfull uagb-is-root-container\"><div class=\"uagb-container-inner-blocks-wrap\">\n<div class=\"wp-block-uagb-container uagb-block-fb24dd94\"><\/div>\n\n\n\n<div class=\"wp-block-uagb-container uagb-block-8d62157b\">\n<div class=\"wp-block-uagb-advanced-heading uagb-block-91d7b8fd\"><h2 class=\"uagb-heading-text\">InnerLight <\/h2><\/div>\n\n\n\n<h4 class=\"wp-block-heading has-text-align-center\">A quiet place for reflection, reconnection and emotional clarity.<\/h4>\n\n\n\n<p class=\"has-text-align-center\">\"When I turn toward you, I am ready. I listen with my soul, not with my fears.<\/p>\n\n\n\n<p class=\"has-text-align-center\"><strong>InnerLight <\/strong>is a mindful space for people who wish to pause, reflect, and reconnect with their inner voice.<\/p>\n\n\n\n<p class=\"has-text-align-center\">Within this protected space, I combine quiet reflection, intuitive expression and conscious listening so that thoughts, emotions and inner movements can find space and be gently explored.<\/p>\n\n\n\n<p class=\"has-text-align-center\">Especially in times of transition, pressure or inner restlessness, this process can help people rediscover clarity, calmness and trust in their own perception.<\/p>\n<\/div>\n\n\n\n<div class=\"wp-block-uagb-container uagb-block-7f2b1060\"><\/div>\n<\/div><\/div>\n\n\n\n<div style=\"height:0px\" aria-hidden=\"true\" class=\"wp-block-spacer\"><\/div>\n\n\n\n<div class=\"wp-block-uagb-container uagb-block-a0afb30f alignfull uagb-is-root-container\"><div class=\"uagb-container-inner-blocks-wrap\">\n<div class=\"wp-block-uagb-container uagb-block-55be9fbf\">\n<div class=\"wp-block-media-text has-media-on-the-right is-stacked-on-mobile\" style=\"grid-template-columns:auto 46%\"><div class=\"wp-block-media-text__content\">\n<p><\/p>\n\n\n\n<p><\/p>\n\n\n\n<p><strong>InnerLight<\/strong> can take place in different forms depending on the situation and individual needs:<\/p>\n\n\n\n<ul class=\"wp-block-list\">\n<li>one-to-one guidance for personal clarity<\/li>\n\n\n\n<li>small group sessions or workshops<\/li>\n\n\n\n<li>mindful conversation during life transition<\/li>\n\n\n\n<li>reflective spaces for organizations or teams<\/li>\n<\/ul>\n\n\n\n<p>For people in times of transition who wish to reconnect with themselves.<\/p>\n\n\n\n<p>Upon request, offered alongside weddings, farewells and during intense life moments before, during, or after.<\/p>\n\n\n\n<p>InnerLight Mentoring is a spiritually mindful offering. This does not replace therapeutic or medical treatment but is intended as a supportive, pastoral form of guidance for those seeking clarity and steadiness.<\/p>\n<\/div><figure class=\"wp-block-media-text__media\"><img loading=\"lazy\" decoding=\"async\" width=\"768\" height=\"1024\" src=\"https:\/\/www.voiceofdieuly.com\/wp-content\/uploads\/2026\/02\/IMG_7001-1-768x1024.jpeg\" alt=\"\" class=\"wp-image-961 size-full\" srcset=\"https:\/\/www.voiceofdieuly.com\/wp-content\/uploads\/2026\/02\/IMG_7001-1-768x1024.jpeg 768w, https:\/\/www.voiceofdieuly.com\/wp-content\/uploads\/2026\/02\/IMG_7001-1-225x300.jpeg 225w, https:\/\/www.voiceofdieuly.com\/wp-content\/uploads\/2026\/02\/IMG_7001-1-1152x1536.jpeg 1152w, https:\/\/www.voiceofdieuly.com\/wp-content\/uploads\/2026\/02\/IMG_7001-1-1536x2048.jpeg 1536w, https:\/\/www.voiceofdieuly.com\/wp-content\/uploads\/2026\/02\/IMG_7001-1-9x12.jpeg 9w, https:\/\/www.voiceofdieuly.com\/wp-content\/uploads\/2026\/02\/IMG_7001-1-scaled.jpeg 1920w\" sizes=\"auto, (max-width: 768px) 100vw, 768px\" \/><\/figure><\/div>\n<\/div>\n<\/div><\/div>\n\n\n\n<div style=\"height:1px\" aria-hidden=\"true\" class=\"wp-block-spacer\"><\/div>\n\n\n\n<div class=\"wp-block-uagb-container uagb-block-36ac5d39 alignfull uagb-is-root-container\"><div class=\"uagb-container-inner-blocks-wrap\">\n<div class=\"wp-block-uagb-container uagb-block-3521b3d4\"><div class=\"wp-block-image\">\n<figure class=\"aligncenter size-full is-resized\"><img loading=\"lazy\" decoding=\"async\" width=\"374\" height=\"374\" src=\"https:\/\/www.voiceofdieuly.com\/wp-content\/uploads\/2026\/03\/a-voice-of-compassion_slogan.001-edited.png\" alt=\"\" class=\"wp-image-1075\" style=\"width:248px;height:auto\" srcset=\"https:\/\/www.voiceofdieuly.com\/wp-content\/uploads\/2026\/03\/a-voice-of-compassion_slogan.001-edited.png 374w, https:\/\/www.voiceofdieuly.com\/wp-content\/uploads\/2026\/03\/a-voice-of-compassion_slogan.001-edited-300x300.png 300w, https:\/\/www.voiceofdieuly.com\/wp-content\/uploads\/2026\/03\/a-voice-of-compassion_slogan.001-edited-150x150.png 150w, https:\/\/www.voiceofdieuly.com\/wp-content\/uploads\/2026\/03\/a-voice-of-compassion_slogan.001-edited-12x12.png 12w\" sizes=\"auto, (max-width: 374px) 100vw, 374px\" \/><\/figure>\n<\/div><\/div>\n\n\n\n<div class=\"wp-block-uagb-container uagb-block-99c43544\">\n<p class=\"has-accent-color has-text-color has-link-color wp-elements-895c7b01beef659880f9c6bc7f5ef9ba\">For inner clarity and gentle guidance.<\/p>\n\n\n\n<p>It begins with a gentle hello...<\/p>\n\n\n\n<div class=\"wp-block-buttons is-content-justification-left is-layout-flex wp-container-core-buttons-is-layout-fdcfc74e wp-block-buttons-is-layout-flex\">\n<div class=\"wp-block-button is-style-fill\"><a class=\"wp-block-button__link has-base-3-color has-text-color has-background has-link-color wp-element-button\" href=\"https:\/\/www.voiceofdieuly.com\/en\/kontakt\/\" style=\"border-radius:10px;background-color:#b8811b\">Contact form:<\/a><\/div>\n<\/div>\n<\/div>\n<\/div><\/div>\n\n\n\n<div style=\"height:93px\" aria-hidden=\"true\" class=\"wp-block-spacer\"><\/div>","protected":false},"excerpt":{"rendered":"<p>InnerLight Ein stiller Ort f\u00fcr Reflexion, R\u00fcckverbindung und emotionale Klarheit. &#8222;Wenn ich mich dir zuwende, bin ich bereit. Ich h\u00f6re mit meiner Seele und nicht mit meinen \u00c4ngsten.&#8220; InnerLight ist ein achtsamer Raum f\u00fcr Menschen, die innehalten, reflektieren und sich wieder mit ihrer inneren Stimme verbinden m\u00f6chten. In diesem gesch\u00fctzten Rahmen verbinde ich stille Reflexion, &#8230; <a title=\"InnerLight Mentoring\" class=\"read-more\" href=\"https:\/\/www.voiceofdieuly.com\/en\/inner-light-mentoring\/\" aria-label=\"Read more about InnerLight Mentoring\">Read more<\/a><\/p>","protected":false},"author":1,"featured_media":0,"parent":0,"menu_order":0,"comment_status":"closed","ping_status":"closed","template":"","meta":{"_uag_custom_page_level_css":"","footnotes":""},"class_list":["post-557","page","type-page","status-publish"],"uagb_featured_image_src":{"full":false,"thumbnail":false,"medium":false,"medium_large":false,"large":false,"1536x1536":false,"2048x2048":false,"trp-custom-language-flag":false},"uagb_author_info":{"display_name":"admin","author_link":"https:\/\/www.voiceofdieuly.com\/en\/author\/admin\/"},"uagb_comment_info":0,"uagb_excerpt":"InnerLight Ein stiller Ort f\u00fcr Reflexion, R\u00fcckverbindung und emotionale Klarheit. &#8222;Wenn ich mich dir zuwende, bin ich bereit. Ich h\u00f6re mit meiner Seele und nicht mit meinen \u00c4ngsten.&#8220; InnerLight ist ein achtsamer Raum f\u00fcr Menschen, die innehalten, reflektieren und sich wieder mit ihrer inneren Stimme verbinden m\u00f6chten. In diesem gesch\u00fctzten Rahmen verbinde ich stille Reflexion,&hellip;","_links":{"self":[{"href":"https:\/\/www.voiceofdieuly.com\/en\/wp-json\/wp\/v2\/pages\/557","targetHints":{"allow":["GET"]}}],"collection":[{"href":"https:\/\/www.voiceofdieuly.com\/en\/wp-json\/wp\/v2\/pages"}],"about":[{"href":"https:\/\/www.voiceofdieuly.com\/en\/wp-json\/wp\/v2\/types\/page"}],"author":[{"embeddable":true,"href":"https:\/\/www.voiceofdieuly.com\/en\/wp-json\/wp\/v2\/users\/1"}],"replies":[{"embeddable":true,"href":"https:\/\/www.voiceofdieuly.com\/en\/wp-json\/wp\/v2\/comments?post=557"}],"version-history":[{"count":58,"href":"https:\/\/www.voiceofdieuly.com\/en\/wp-json\/wp\/v2\/pages\/557\/revisions"}],"predecessor-version":[{"id":1082,"href":"https:\/\/www.voiceofdieuly.com\/en\/wp-json\/wp\/v2\/pages\/557\/revisions\/1082"}],"wp:attachment":[{"href":"https:\/\/www.voiceofdieuly.com\/en\/wp-json\/wp\/v2\/media?parent=557"}],"curies":[{"name":"wp","href":"https:\/\/api.w.org\/{rel}","templated":true}]}}