{"id":204,"date":"2025-06-16T23:07:14","date_gmt":"2025-06-16T23:07:14","guid":{"rendered":"http:\/\/voiceofdieuly.com\/?page_id=204"},"modified":"2026-02-19T21:12:43","modified_gmt":"2026-02-19T21:12:43","slug":"tam-an-foundation","status":"publish","type":"page","link":"https:\/\/www.voiceofdieuly.com\/en\/tam-an-foundation\/","title":{"rendered":"T\u00c2M AN Foundation"},"content":{"rendered":"<div style=\"height:10px\" aria-hidden=\"true\" class=\"wp-block-spacer\"><\/div>\n\n\n\n<div class=\"wp-block-uagb-container uagb-block-8728b803 alignfull uagb-is-root-container\"><div class=\"uagb-container-inner-blocks-wrap\"><div class=\"wp-block-image\">\n<figure class=\"alignright size-large is-resized\"><img loading=\"lazy\" decoding=\"async\" width=\"1024\" height=\"514\" src=\"https:\/\/www.voiceofdieuly.com\/wp-content\/uploads\/2026\/02\/Presentation-Tam-An-Foundation-9_d-1024x514.png\" alt=\"\" class=\"wp-image-595\" style=\"aspect-ratio:1.9922073933913906;width:255px;height:auto\" srcset=\"https:\/\/www.voiceofdieuly.com\/wp-content\/uploads\/2026\/02\/Presentation-Tam-An-Foundation-9_d-1024x514.png 1024w, https:\/\/www.voiceofdieuly.com\/wp-content\/uploads\/2026\/02\/Presentation-Tam-An-Foundation-9_d-300x150.png 300w, https:\/\/www.voiceofdieuly.com\/wp-content\/uploads\/2026\/02\/Presentation-Tam-An-Foundation-9_d-768x385.png 768w, https:\/\/www.voiceofdieuly.com\/wp-content\/uploads\/2026\/02\/Presentation-Tam-An-Foundation-9_d-1536x770.png 1536w, https:\/\/www.voiceofdieuly.com\/wp-content\/uploads\/2026\/02\/Presentation-Tam-An-Foundation-9_d-2048x1027.png 2048w, https:\/\/www.voiceofdieuly.com\/wp-content\/uploads\/2026\/02\/Presentation-Tam-An-Foundation-9_d-18x9.png 18w\" sizes=\"auto, (max-width: 1024px) 100vw, 1024px\" \/><\/figure>\n<\/div><\/div><\/div>\n\n\n\n<div style=\"height:41px\" aria-hidden=\"true\" class=\"wp-block-spacer\"><\/div>\n\n\n\n<div class=\"wp-block-uagb-container uagb-block-9ca32201 alignfull uagb-is-root-container\"><div class=\"uagb-container-inner-blocks-wrap\">\n<div class=\"wp-block-uagb-container uagb-block-d3d14bfa\">\n<figure class=\"wp-block-image size-full is-style-rounded\"><img loading=\"lazy\" decoding=\"async\" width=\"662\" height=\"662\" src=\"https:\/\/www.voiceofdieuly.com\/wp-content\/uploads\/2026\/02\/Logoblock_transparent-edited.png\" alt=\"\" class=\"wp-image-563\" srcset=\"https:\/\/www.voiceofdieuly.com\/wp-content\/uploads\/2026\/02\/Logoblock_transparent-edited.png 662w, https:\/\/www.voiceofdieuly.com\/wp-content\/uploads\/2026\/02\/Logoblock_transparent-edited-300x300.png 300w, https:\/\/www.voiceofdieuly.com\/wp-content\/uploads\/2026\/02\/Logoblock_transparent-edited-150x150.png 150w\" sizes=\"auto, (max-width: 662px) 100vw, 662px\" \/><\/figure>\n<\/div>\n\n\n\n<div class=\"wp-block-uagb-container uagb-block-47b09b53\">\n<p class=\"has-text-align-left has-accent-color has-text-color has-link-color wp-elements-e796c31960079e0876a3e70672dea5a0\"><strong>T\u00c2M AN FOUNDATION... born from a moment of truth<\/strong><\/p>\n\n\n\n<p>During a period of retreat in \u0110\u00e0 N\u1eb5ng, far from the noise of the world and close to the heart of my origins, a deep conversation with the Buddhist nun Ni Su Tr\u00ed Tu\u1ec7 led me to an insight that could no longer be ignored: The world does not suffer from a lack of knowledge. It suffers from a lack of belonging, orientation, and inner peace. In the clarity of her mind and the gentleness of her heart, I came to understand that compassion is not merely a feeling, it is a responsibility.<\/p>\n\n\n\n<p>In that moment, the T\u00c2M AN Foundation was born. T\u00e2m means heart. An means inner peace.<\/p>\n\n\n\n<p>But its origin was illuminated through our encounter.<\/p>\n<\/div>\n<\/div><\/div>\n\n\n\n<div style=\"height:73px\" aria-hidden=\"true\" class=\"wp-block-spacer\"><\/div>\n\n\n\n<div class=\"wp-block-uagb-container uagb-block-a0afb30f alignfull uagb-is-root-container\"><div class=\"uagb-container-inner-blocks-wrap\">\n<div class=\"wp-block-uagb-container uagb-block-55be9fbf\">\n<div style=\"height:28px\" aria-hidden=\"true\" class=\"wp-block-spacer\"><\/div>\n\n\n\n<div class=\"wp-block-media-text has-media-on-the-right is-stacked-on-mobile\" style=\"grid-template-columns:auto 35%\"><div class=\"wp-block-media-text__content\">\n<div style=\"height:40px\" aria-hidden=\"true\" class=\"wp-block-spacer\"><\/div>\n\n\n\n<p class=\"has-accent-color has-text-color has-link-color wp-elements-8caf1b3064a952fe94b435ef0425c84a\"><strong>What the T\u00c2M AN Foundation stands for:<\/strong><\/p>\n\n\n\n<p class=\"has-accent-color has-text-color has-link-color has-accent-color has-text-color\"><strong> <\/strong><\/p>\n\n\n\n<p>The T\u00c2M AN Foundation was created for the people of Vietnam \u2014 for their hearts, their souls, their stories. This is where the origin, the need, and the first field of impact of our mission lie.<\/p>\n\n\n\n<p>Ni Su Tr\u00ed Tu\u1ec7 is a spiritual guide of the T\u00c2M AN Foundation. Her wisdom forms a vital pillar of our vision.<\/p>\n\n\n\n<p>This foundation is not a project. It is a promise:<\/p>\n\n\n\n<ul class=\"wp-block-list\">\n<li>a place where people are heard,<\/li>\n\n\n\n<li>a bridge between spiritual wisdom and modern life reality,<\/li>\n\n\n\n<li>a response to a quiet, steady growing need in Vietnam and beyond.<\/li>\n<\/ul>\n\n\n\n<p>The T\u00c2M AN Foundation does not serve prestige. It serves the human heart. It was founded because no one should have to walk through darkness alone. It was founded because peace begins where a heart feels truly seen. It was founded because we could no longer do otherwise.<\/p>\n<\/div><figure class=\"wp-block-media-text__media\"><img loading=\"lazy\" decoding=\"async\" width=\"672\" height=\"1024\" src=\"https:\/\/www.voiceofdieuly.com\/wp-content\/uploads\/2026\/02\/IMG_0902-672x1024.jpg\" alt=\"\" class=\"wp-image-696 size-full\" srcset=\"https:\/\/www.voiceofdieuly.com\/wp-content\/uploads\/2026\/02\/IMG_0902-672x1024.jpg 672w, https:\/\/www.voiceofdieuly.com\/wp-content\/uploads\/2026\/02\/IMG_0902-197x300.jpg 197w, https:\/\/www.voiceofdieuly.com\/wp-content\/uploads\/2026\/02\/IMG_0902-768x1171.jpg 768w, https:\/\/www.voiceofdieuly.com\/wp-content\/uploads\/2026\/02\/IMG_0902-1008x1536.jpg 1008w, https:\/\/www.voiceofdieuly.com\/wp-content\/uploads\/2026\/02\/IMG_0902-8x12.jpg 8w, https:\/\/www.voiceofdieuly.com\/wp-content\/uploads\/2026\/02\/IMG_0902.jpg 1184w\" sizes=\"auto, (max-width: 672px) 100vw, 672px\" \/><\/figure><\/div>\n\n\n\n<div style=\"height:28px\" aria-hidden=\"true\" class=\"wp-block-spacer\"><\/div>\n<\/div>\n<\/div><\/div>\n\n\n\n<div style=\"height:76px\" aria-hidden=\"true\" class=\"wp-block-spacer\"><\/div>\n\n\n\n<div class=\"wp-block-uagb-container uagb-block-f956d978 alignfull uagb-is-root-container\"><div class=\"uagb-container-inner-blocks-wrap\">\n<div class=\"wp-block-uagb-container uagb-block-bd693497\">\n<div data-wp-interactive=\"core\/file\" class=\"wp-block-file\"><object data-wp-bind--hidden=\"!state.hasPdfPreview\" hidden class=\"wp-block-file__embed\" data=\"https:\/\/www.voiceofdieuly.com\/wp-content\/uploads\/2026\/02\/Presentation-Tam-An-Foundation.pdf\" type=\"application\/pdf\" style=\"width:100%;height:600px\" aria-label=\"Embed of Presentation - Ta\u0302m An Foundation.\"><\/object><a id=\"wp-block-file--media-7160a4b5-2a7c-48e2-bf11-4e24f66e8703\" href=\"https:\/\/www.voiceofdieuly.com\/wp-content\/uploads\/2026\/02\/Presentation-Tam-An-Foundation.pdf\">Presentation &#8211; Ta\u0302m An Foundation<\/a><a href=\"https:\/\/www.voiceofdieuly.com\/wp-content\/uploads\/2026\/02\/Presentation-Tam-An-Foundation.pdf\" class=\"wp-block-file__button wp-element-button\" download aria-describedby=\"wp-block-file--media-7160a4b5-2a7c-48e2-bf11-4e24f66e8703\">Download<\/a><\/div>\n<\/div>\n<\/div><\/div>\n\n\n\n<div style=\"height:76px\" aria-hidden=\"true\" class=\"wp-block-spacer\"><\/div>\n\n\n\n<div class=\"wp-block-uagb-container uagb-block-36ac5d39 alignfull uagb-is-root-container\"><div class=\"uagb-container-inner-blocks-wrap\">\n<div class=\"wp-block-uagb-container uagb-block-3521b3d4\"><div class=\"wp-block-image\">\n<figure class=\"aligncenter size-full is-resized\"><img loading=\"lazy\" decoding=\"async\" width=\"438\" height=\"438\" src=\"https:\/\/www.voiceofdieuly.com\/wp-content\/uploads\/2026\/02\/Logoblock_transparent-edited-1.png\" alt=\"\" class=\"wp-image-570\" style=\"width:248px;height:auto\" srcset=\"https:\/\/www.voiceofdieuly.com\/wp-content\/uploads\/2026\/02\/Logoblock_transparent-edited-1.png 438w, https:\/\/www.voiceofdieuly.com\/wp-content\/uploads\/2026\/02\/Logoblock_transparent-edited-1-300x300.png 300w, https:\/\/www.voiceofdieuly.com\/wp-content\/uploads\/2026\/02\/Logoblock_transparent-edited-1-150x150.png 150w\" sizes=\"auto, (max-width: 438px) 100vw, 438px\" \/><\/figure>\n<\/div><\/div>\n\n\n\n<div class=\"wp-block-uagb-container uagb-block-99c43544\">\n<p class=\"has-accent-color has-text-color has-link-color wp-elements-82afc1dbb0df51e70aa8b02633142350\"><em><em>\u201eA voice for compassion. A home for light. A foundation for inner peace\u2026\u201c<\/em><\/em><\/p>\n\n\n\n<p>Learn more about the T\u00c2M AN Foundation:<\/p>\n\n\n\n<div class=\"wp-block-buttons is-content-justification-left is-layout-flex wp-container-core-buttons-is-layout-fdcfc74e wp-block-buttons-is-layout-flex\">\n<div class=\"wp-block-button is-style-fill\"><a class=\"wp-block-button__link has-base-3-color has-text-color has-background has-link-color wp-element-button\" href=\"https:\/\/www.voiceofdieuly.com\/en\/kontakt\/\" style=\"border-radius:10px;background-color:#b8811b\">Contact form:<\/a><\/div>\n<\/div>\n<\/div>\n<\/div><\/div>\n\n\n\n<div style=\"height:93px\" aria-hidden=\"true\" class=\"wp-block-spacer\"><\/div>\n\n\n\n<p><\/p>","protected":false},"excerpt":{"rendered":"<p>T\u00c2M AN FOUNDATION&#8230; geboren aus einem Moment der Wahrheit W\u00e4hrend meiner Auszeit in \u0110\u00e0 N\u1eb5ng, weit weg vom L\u00e4rm der Welt, nah am Herz meines Ursprungs, f\u00fchrte mich ein tiefes Gespr\u00e4ch mit meiner Nonne Ni S\u01b0 Tr\u00ed Tu\u1ec7 zu einer Erkenntnis, die nicht mehr \u00fcberh\u00f6rt werden konnte: Die Welt leidet nicht an Mangel von Wissen. &#8230; <a title=\"T\u00c2M AN Foundation\" class=\"read-more\" href=\"https:\/\/www.voiceofdieuly.com\/en\/tam-an-foundation\/\" aria-label=\"Read more about T\u00c2M AN Foundation\">Read more<\/a><\/p>","protected":false},"author":1,"featured_media":0,"parent":0,"menu_order":0,"comment_status":"closed","ping_status":"closed","template":"","meta":{"_uag_custom_page_level_css":"","footnotes":""},"class_list":["post-204","page","type-page","status-publish"],"uagb_featured_image_src":{"full":false,"thumbnail":false,"medium":false,"medium_large":false,"large":false,"1536x1536":false,"2048x2048":false,"trp-custom-language-flag":false},"uagb_author_info":{"display_name":"admin","author_link":"https:\/\/www.voiceofdieuly.com\/en\/author\/admin\/"},"uagb_comment_info":0,"uagb_excerpt":"T\u00c2M AN FOUNDATION&#8230; geboren aus einem Moment der Wahrheit W\u00e4hrend meiner Auszeit in \u0110\u00e0 N\u1eb5ng, weit weg vom L\u00e4rm der Welt, nah am Herz meines Ursprungs, f\u00fchrte mich ein tiefes Gespr\u00e4ch mit meiner Nonne Ni S\u01b0 Tr\u00ed Tu\u1ec7 zu einer Erkenntnis, die nicht mehr \u00fcberh\u00f6rt werden konnte: Die Welt leidet nicht an Mangel von Wissen.&hellip;","_links":{"self":[{"href":"https:\/\/www.voiceofdieuly.com\/en\/wp-json\/wp\/v2\/pages\/204","targetHints":{"allow":["GET"]}}],"collection":[{"href":"https:\/\/www.voiceofdieuly.com\/en\/wp-json\/wp\/v2\/pages"}],"about":[{"href":"https:\/\/www.voiceofdieuly.com\/en\/wp-json\/wp\/v2\/types\/page"}],"author":[{"embeddable":true,"href":"https:\/\/www.voiceofdieuly.com\/en\/wp-json\/wp\/v2\/users\/1"}],"replies":[{"embeddable":true,"href":"https:\/\/www.voiceofdieuly.com\/en\/wp-json\/wp\/v2\/comments?post=204"}],"version-history":[{"count":32,"href":"https:\/\/www.voiceofdieuly.com\/en\/wp-json\/wp\/v2\/pages\/204\/revisions"}],"predecessor-version":[{"id":698,"href":"https:\/\/www.voiceofdieuly.com\/en\/wp-json\/wp\/v2\/pages\/204\/revisions\/698"}],"wp:attachment":[{"href":"https:\/\/www.voiceofdieuly.com\/en\/wp-json\/wp\/v2\/media?parent=204"}],"curies":[{"name":"wp","href":"https:\/\/api.w.org\/{rel}","templated":true}]}}