{"id":2,"date":"2025-06-16T22:09:39","date_gmt":"2025-06-16T22:09:39","guid":{"rendered":"http:\/\/voiceofdieuly.com\/?page_id=2"},"modified":"2026-02-26T19:02:14","modified_gmt":"2026-02-26T19:02:14","slug":"home","status":"publish","type":"page","link":"https:\/\/www.voiceofdieuly.com\/en\/","title":{"rendered":"Home"},"content":{"rendered":"<div style=\"height:10px\" aria-hidden=\"true\" class=\"wp-block-spacer\"><\/div>\n\n\n\n<div class=\"wp-block-uagb-container uagb-block-8728b803 alignfull uagb-is-root-container\"><div class=\"uagb-container-inner-blocks-wrap\"><div class=\"wp-block-image\">\n<figure class=\"aligncenter size-large\"><img loading=\"lazy\" decoding=\"async\" width=\"1206\" height=\"678\" src=\"https:\/\/www.voiceofdieuly.com\/wp-content\/uploads\/2026\/02\/F6982884-7FDB-43C7-94BC-22254BA887B4-edited.jpg\" alt=\"\" class=\"wp-image-851\" style=\"aspect-ratio:16\/9;object-fit:cover\" srcset=\"https:\/\/www.voiceofdieuly.com\/wp-content\/uploads\/2026\/02\/F6982884-7FDB-43C7-94BC-22254BA887B4-edited.jpg 1206w, https:\/\/www.voiceofdieuly.com\/wp-content\/uploads\/2026\/02\/F6982884-7FDB-43C7-94BC-22254BA887B4-edited-300x169.jpg 300w, https:\/\/www.voiceofdieuly.com\/wp-content\/uploads\/2026\/02\/F6982884-7FDB-43C7-94BC-22254BA887B4-edited-1024x576.jpg 1024w, https:\/\/www.voiceofdieuly.com\/wp-content\/uploads\/2026\/02\/F6982884-7FDB-43C7-94BC-22254BA887B4-edited-768x432.jpg 768w, https:\/\/www.voiceofdieuly.com\/wp-content\/uploads\/2026\/02\/F6982884-7FDB-43C7-94BC-22254BA887B4-edited-18x10.jpg 18w\" sizes=\"auto, (max-width: 1206px) 100vw, 1206px\" \/><\/figure>\n<\/div><\/div><\/div>\n\n\n\n<div style=\"height:75px\" aria-hidden=\"true\" class=\"wp-block-spacer\"><\/div>\n\n\n\n<div class=\"wp-block-uagb-container uagb-block-f8a21384 alignfull uagb-is-root-container\"><div class=\"uagb-container-inner-blocks-wrap\">\n<div class=\"wp-block-uagb-container uagb-block-9ba3b88c\">\n<h2 class=\"wp-block-heading has-text-align-center\">Voice of Dieuly<\/h2>\n\n\n\n<h5 class=\"wp-block-heading has-text-align-center\">Words for weddings, farewells &amp;  life\u00b4s transitions <\/h5>\n\n\n\n<p class=\"has-text-align-center\"><strong>Speaker \u00b7 Spiritual Mentor \u00b7 Intuitive Artist<\/strong><\/p>\n\n\n\n<p class=\"has-text-align-center\">I accompany people with language, depth, and heart in Berlin and beyond.<\/p>\n<\/div>\n<\/div><\/div>\n\n\n\n<div style=\"height:20px\" aria-hidden=\"true\" class=\"wp-block-spacer\"><\/div>\n\n\n\n<div class=\"wp-block-uagb-buttons uagb-buttons__outer-wrap uagb-btn__default-btn uagb-btn-tablet__default-btn uagb-btn-mobile__default-btn uagb-block-54e62d9a\"><div class=\"uagb-buttons__wrap uagb-buttons-layout-wrap\">\n<div class=\"wp-block-uagb-buttons-child uagb-buttons__outer-wrap uagb-block-1aa17fc3 wp-block-button\"><div class=\"uagb-button__wrapper\"><a class=\"uagb-buttons-repeater wp-block-button__link\" aria-label=\"\" href=\"https:\/\/www.voiceofdieuly.com\/en\/kontakt\/\" rel=\"follow noopener\" target=\"_self\" role=\"button\"><div class=\"uagb-button__link\">Request a first conversation<\/div><\/a><\/div><\/div>\n<\/div><\/div>\n\n\n\n<div class=\"wp-block-uagb-container uagb-block-971ba6a7 alignfull uagb-is-root-container\"><div class=\"uagb-container-inner-blocks-wrap\">\n<p><\/p>\n\n\n\n<p><\/p>\n\n\n\n<p class=\"has-text-align-center\"><strong>\"When a moment carries meaning, it deserves a voice.\"<\/strong><\/p>\n\n\n\n<p class=\"has-text-align-center\"><\/p>\n<\/div><\/div>\n\n\n\n<div class=\"wp-block-uagb-container uagb-block-a0afb30f alignfull uagb-is-root-container\"><div class=\"uagb-container-inner-blocks-wrap\">\n<div class=\"wp-block-uagb-container uagb-block-55be9fbf\">\n<div class=\"wp-block-media-text is-stacked-on-mobile\" style=\"grid-template-columns:54% auto\"><figure class=\"wp-block-media-text__media\"><img loading=\"lazy\" decoding=\"async\" width=\"683\" height=\"1024\" src=\"https:\/\/www.voiceofdieuly.com\/wp-content\/uploads\/2026\/02\/21572592-3195-4b78-bde5-8a1b5b3a90ce-683x1024.jpg\" alt=\"\" class=\"wp-image-688 size-full\" srcset=\"https:\/\/www.voiceofdieuly.com\/wp-content\/uploads\/2026\/02\/21572592-3195-4b78-bde5-8a1b5b3a90ce-683x1024.jpg 683w, https:\/\/www.voiceofdieuly.com\/wp-content\/uploads\/2026\/02\/21572592-3195-4b78-bde5-8a1b5b3a90ce-200x300.jpg 200w, https:\/\/www.voiceofdieuly.com\/wp-content\/uploads\/2026\/02\/21572592-3195-4b78-bde5-8a1b5b3a90ce-8x12.jpg 8w, https:\/\/www.voiceofdieuly.com\/wp-content\/uploads\/2026\/02\/21572592-3195-4b78-bde5-8a1b5b3a90ce.jpg 692w\" sizes=\"auto, (max-width: 683px) 100vw, 683px\" \/><\/figure><div class=\"wp-block-media-text__content\">\n<p><\/p>\n\n\n\n<p class=\"has-text-align-left\">Some moments in life do not need grand words. They need a voice that holds what wants to be spoken and leaves space for what remains.<\/p>\n<\/div><\/div>\n<\/div>\n<\/div><\/div>\n\n\n\n<div style=\"height:50px\" aria-hidden=\"true\" class=\"wp-block-spacer\"><\/div>\n\n\n\n<div class=\"wp-block-uagb-container uagb-block-dbab37c4 alignfull uagb-is-root-container\"><div class=\"uagb-container-inner-blocks-wrap\">\n<p><\/p>\n\n\n\n<h6 class=\"wp-block-heading has-text-align-center\"><strong>\"Sometimes closeness begins where someone simply shows up.\"<\/strong><\/h6>\n\n\n\n<p><\/p>\n<\/div><\/div>\n\n\n\n<div class=\"wp-block-uagb-container uagb-block-a235ee3f alignfull uagb-is-root-container\"><div class=\"uagb-container-inner-blocks-wrap\">\n<div class=\"wp-block-uagb-container uagb-block-ef8ae1f5\"><\/div>\n\n\n\n<div class=\"wp-block-uagb-container uagb-block-479980f3\">\n<figure class=\"wp-block-image size-large\"><img loading=\"lazy\" decoding=\"async\" width=\"773\" height=\"1024\" src=\"http:\/\/voiceofdieuly.com\/wp-content\/uploads\/2025\/06\/IMG_6894-773x1024.jpg\" alt=\"\" class=\"wp-image-181\" srcset=\"https:\/\/www.voiceofdieuly.com\/wp-content\/uploads\/2025\/06\/IMG_6894-773x1024.jpg 773w, https:\/\/www.voiceofdieuly.com\/wp-content\/uploads\/2025\/06\/IMG_6894-226x300.jpg 226w, https:\/\/www.voiceofdieuly.com\/wp-content\/uploads\/2025\/06\/IMG_6894-768x1018.jpg 768w, https:\/\/www.voiceofdieuly.com\/wp-content\/uploads\/2025\/06\/IMG_6894.jpg 1132w\" sizes=\"auto, (max-width: 773px) 100vw, 773px\" \/><\/figure>\n<\/div>\n\n\n\n<div class=\"wp-block-uagb-container uagb-block-523f3051\">\n<figure class=\"wp-block-audio\"><audio controls src=\"http:\/\/voiceofdieuly.com\/wp-content\/uploads\/2025\/06\/AQNa_NSAW7l2QDFuXBHQ-g6AQKmtvORVnPBP9YB31fZCPkIPwJunFIVQZdEhKD5Hrs6eArruJL6mCy2VpjtbDEwp1jVAa_eJDXojbAU.mp3\"><\/audio><\/figure>\n\n\n\n<div class=\"wp-block-buttons is-content-justification-center is-layout-flex wp-container-core-buttons-is-layout-16018d1d wp-block-buttons-is-layout-flex\">\n<div class=\"wp-block-button is-style-fill\"><a class=\"wp-block-button__link has-base-3-color has-text-color has-background has-link-color wp-element-button\" href=\"https:\/\/www.voiceofdieuly.com\/en\/ueber-mich\/\" style=\"border-radius:10px;background-color:#b8811b\">More about Dieuly<\/a><\/div>\n<\/div>\n<\/div>\n\n\n\n<div class=\"wp-block-uagb-container uagb-block-b8f7aec7\"><\/div>\n<\/div><\/div>\n\n\n\n<div style=\"height:50px\" aria-hidden=\"true\" class=\"wp-block-spacer\"><\/div>","protected":false},"excerpt":{"rendered":"<p>Voice of Dieuly Worte f\u00fcr Hochzeiten, Abschiede und \u00dcberg\u00e4nge Rednerin \u00b7 spirituelle Mentorin \u00b7 intuitive K\u00fcnstlerin Ich begleite Menschen mit Sprache, Tiefe und Herz, in Berlin und international. &#8222;Wenn ein Moment Bedeutung tr\u00e4gt, verdient er eine Stimme.&#8220; Manche Momente im Leben brauchen keine gro\u00dfen Worte. Sie brauchen eine Stimme, die h\u00e4lt, was gesagt werden will &#8230; <a title=\"Home\" class=\"read-more\" href=\"https:\/\/www.voiceofdieuly.com\/en\/\" aria-label=\"Read more about Home\">Read more<\/a><\/p>","protected":false},"author":1,"featured_media":0,"parent":0,"menu_order":0,"comment_status":"closed","ping_status":"closed","template":"","meta":{"_uag_custom_page_level_css":"","footnotes":""},"class_list":["post-2","page","type-page","status-publish"],"uagb_featured_image_src":{"full":false,"thumbnail":false,"medium":false,"medium_large":false,"large":false,"1536x1536":false,"2048x2048":false,"trp-custom-language-flag":false},"uagb_author_info":{"display_name":"admin","author_link":"https:\/\/www.voiceofdieuly.com\/en\/author\/admin\/"},"uagb_comment_info":0,"uagb_excerpt":"Voice of Dieuly Worte f\u00fcr Hochzeiten, Abschiede und \u00dcberg\u00e4nge Rednerin \u00b7 spirituelle Mentorin \u00b7 intuitive K\u00fcnstlerin Ich begleite Menschen mit Sprache, Tiefe und Herz, in Berlin und international. &#8222;Wenn ein Moment Bedeutung tr\u00e4gt, verdient er eine Stimme.&#8220; Manche Momente im Leben brauchen keine gro\u00dfen Worte. Sie brauchen eine Stimme, die h\u00e4lt, was gesagt werden will&hellip;","_links":{"self":[{"href":"https:\/\/www.voiceofdieuly.com\/en\/wp-json\/wp\/v2\/pages\/2","targetHints":{"allow":["GET"]}}],"collection":[{"href":"https:\/\/www.voiceofdieuly.com\/en\/wp-json\/wp\/v2\/pages"}],"about":[{"href":"https:\/\/www.voiceofdieuly.com\/en\/wp-json\/wp\/v2\/types\/page"}],"author":[{"embeddable":true,"href":"https:\/\/www.voiceofdieuly.com\/en\/wp-json\/wp\/v2\/users\/1"}],"replies":[{"embeddable":true,"href":"https:\/\/www.voiceofdieuly.com\/en\/wp-json\/wp\/v2\/comments?post=2"}],"version-history":[{"count":103,"href":"https:\/\/www.voiceofdieuly.com\/en\/wp-json\/wp\/v2\/pages\/2\/revisions"}],"predecessor-version":[{"id":1069,"href":"https:\/\/www.voiceofdieuly.com\/en\/wp-json\/wp\/v2\/pages\/2\/revisions\/1069"}],"wp:attachment":[{"href":"https:\/\/www.voiceofdieuly.com\/en\/wp-json\/wp\/v2\/media?parent=2"}],"curies":[{"name":"wp","href":"https:\/\/api.w.org\/{rel}","templated":true}]}}