{"id":197,"date":"2025-06-16T23:05:05","date_gmt":"2025-06-16T23:05:05","guid":{"rendered":"http:\/\/voiceofdieuly.com\/?page_id=197"},"modified":"2026-02-26T19:36:33","modified_gmt":"2026-02-26T19:36:33","slug":"trauerreden-abschiede","status":"publish","type":"page","link":"https:\/\/www.voiceofdieuly.com\/en\/trauerreden-abschiede\/","title":{"rendered":"Farewell Ceremonies"},"content":{"rendered":"<div style=\"height:10px\" aria-hidden=\"true\" class=\"wp-block-spacer\"><\/div>\n\n\n\n<div class=\"wp-block-uagb-container uag-hide-desktop uag-hide-tab uag-hide-mob uagb-block-8728b803 alignfull uagb-is-root-container\"><div class=\"uagb-container-inner-blocks-wrap\"><\/div><\/div>\n\n\n\n<div class=\"wp-block-uagb-container uagb-block-844d81cd default uagb-is-root-container\"><div class=\"uagb-container__video-wrap\"><video autoplay loop muted playsinline><source src=\"https:\/\/www.voiceofdieuly.com\/wp-content\/uploads\/2026\/02\/copy_CAD35E8D-9EEF-4600-ABCF-155D81624153.mov\" type=\"video\/mp4\"\/><\/video><\/div><\/div>\n\n\n\n<div style=\"height:41px\" aria-hidden=\"true\" class=\"wp-block-spacer\"><\/div>\n\n\n\n<div class=\"wp-block-uagb-container uagb-block-9ca32201 alignfull uagb-is-root-container\"><div class=\"uagb-container-inner-blocks-wrap\">\n<div class=\"wp-block-uagb-container uagb-block-d3d14bfa\"><\/div>\n\n\n\n<div class=\"wp-block-uagb-container uagb-block-47b09b53\">\n<div class=\"wp-block-uagb-advanced-heading uagb-block-5cc38b87\"><h2 class=\"uagb-heading-text\">Farewells<\/h2><\/div>\n\n\n\n<p class=\"has-text-align-center\">When words fall short, a voice may carry and sustain.<\/p>\n\n\n\n<p class=\"has-text-align-center\">Quiet. Dignified. Attentive.<\/p>\n\n\n\n<p class=\"has-text-align-center\">For farewells that leave space. <\/p>\n\n\n\n<p class=\"has-text-align-center\">For remembrance, gratitude and what remains.<\/p>\n<\/div>\n\n\n\n<div class=\"wp-block-uagb-container uagb-block-2dc9e0d7\"><\/div>\n<\/div><\/div>\n\n\n\n<div style=\"height:0px\" aria-hidden=\"true\" class=\"wp-block-spacer\"><\/div>\n\n\n\n<div class=\"wp-block-uagb-container uagb-block-36ac5d39 alignfull uagb-is-root-container\"><div class=\"uagb-container-inner-blocks-wrap\">\n<div class=\"wp-block-uagb-container uagb-block-3521b3d4\"><div class=\"wp-block-image\">\n<figure class=\"aligncenter size-full is-resized\"><img loading=\"lazy\" decoding=\"async\" width=\"648\" height=\"675\" src=\"http:\/\/voiceofdieuly.com\/wp-content\/uploads\/2025\/06\/logo.png\" alt=\"\" class=\"wp-image-110\" style=\"width:248px;height:auto\" srcset=\"https:\/\/www.voiceofdieuly.com\/wp-content\/uploads\/2025\/06\/logo.png 648w, https:\/\/www.voiceofdieuly.com\/wp-content\/uploads\/2025\/06\/logo-288x300.png 288w\" sizes=\"auto, (max-width: 648px) 100vw, 648px\" \/><\/figure>\n<\/div><\/div>\n\n\n\n<div class=\"wp-block-uagb-container uagb-block-99c43544\">\n<p class=\"has-accent-color has-text-color has-link-color wp-elements-f2d614fa24705049560f11ec1bca0158\">For a farewell that is held.<\/p>\n\n\n\n<p>It begins with a gentle hello...<\/p>\n\n\n\n<div class=\"wp-block-buttons is-content-justification-left is-layout-flex wp-container-core-buttons-is-layout-fdcfc74e wp-block-buttons-is-layout-flex\">\n<div class=\"wp-block-button is-style-fill\"><a class=\"wp-block-button__link has-base-3-color has-text-color has-background has-link-color wp-element-button\" href=\"https:\/\/www.voiceofdieuly.com\/en\/kontakt\/\" style=\"border-radius:10px;background-color:#b8811b\">Contact form:<\/a><\/div>\n<\/div>\n<\/div>\n<\/div><\/div>\n\n\n\n<div style=\"height:76px\" aria-hidden=\"true\" class=\"wp-block-spacer\"><\/div>\n\n\n\n<div style=\"height:93px\" aria-hidden=\"true\" class=\"wp-block-spacer\"><\/div>","protected":false},"excerpt":{"rendered":"<p>Abschiede Wenn Worte fehlen, darf eine Stimme tragen und halten. Still. W\u00fcrdevoll. Zugewandt. F\u00fcr Abschiede, die Raum lassen. F\u00fcr Erinnerung, Dank und das, was bleibt. F\u00fcr einen Abschied, der gehalten ist. Unverbindliches Kennenlernen anfragen:<\/p>","protected":false},"author":1,"featured_media":0,"parent":0,"menu_order":0,"comment_status":"closed","ping_status":"closed","template":"","meta":{"_uag_custom_page_level_css":"","footnotes":""},"class_list":["post-197","page","type-page","status-publish"],"uagb_featured_image_src":{"full":false,"thumbnail":false,"medium":false,"medium_large":false,"large":false,"1536x1536":false,"2048x2048":false,"trp-custom-language-flag":false},"uagb_author_info":{"display_name":"admin","author_link":"https:\/\/www.voiceofdieuly.com\/en\/author\/admin\/"},"uagb_comment_info":0,"uagb_excerpt":"Abschiede Wenn Worte fehlen, darf eine Stimme tragen und halten. Still. W\u00fcrdevoll. Zugewandt. F\u00fcr Abschiede, die Raum lassen. F\u00fcr Erinnerung, Dank und das, was bleibt. F\u00fcr einen Abschied, der gehalten ist. Unverbindliches Kennenlernen anfragen:","_links":{"self":[{"href":"https:\/\/www.voiceofdieuly.com\/en\/wp-json\/wp\/v2\/pages\/197","targetHints":{"allow":["GET"]}}],"collection":[{"href":"https:\/\/www.voiceofdieuly.com\/en\/wp-json\/wp\/v2\/pages"}],"about":[{"href":"https:\/\/www.voiceofdieuly.com\/en\/wp-json\/wp\/v2\/types\/page"}],"author":[{"embeddable":true,"href":"https:\/\/www.voiceofdieuly.com\/en\/wp-json\/wp\/v2\/users\/1"}],"replies":[{"embeddable":true,"href":"https:\/\/www.voiceofdieuly.com\/en\/wp-json\/wp\/v2\/comments?post=197"}],"version-history":[{"count":48,"href":"https:\/\/www.voiceofdieuly.com\/en\/wp-json\/wp\/v2\/pages\/197\/revisions"}],"predecessor-version":[{"id":1070,"href":"https:\/\/www.voiceofdieuly.com\/en\/wp-json\/wp\/v2\/pages\/197\/revisions\/1070"}],"wp:attachment":[{"href":"https:\/\/www.voiceofdieuly.com\/en\/wp-json\/wp\/v2\/media?parent=197"}],"curies":[{"name":"wp","href":"https:\/\/api.w.org\/{rel}","templated":true}]}}