{"id":193,"date":"2025-06-16T23:04:20","date_gmt":"2025-06-16T23:04:20","guid":{"rendered":"http:\/\/voiceofdieuly.com\/?page_id=193"},"modified":"2026-02-25T21:29:25","modified_gmt":"2026-02-25T21:29:25","slug":"ueber-mich","status":"publish","type":"page","link":"https:\/\/www.voiceofdieuly.com\/en\/ueber-mich\/","title":{"rendered":"About me"},"content":{"rendered":"<div style=\"height:4px\" aria-hidden=\"true\" class=\"wp-block-spacer\"><\/div>\n\n\n\n<div class=\"wp-block-uagb-image alignfull uagb-block-7553cf79 wp-block-uagb-image--layout-overlay wp-block-uagb-image--effect-static wp-block-uagb-image--align-full\"><figure class=\"wp-block-uagb-image__figure\"><img decoding=\"async\" srcset=\"https:\/\/www.voiceofdieuly.com\/wp-content\/uploads\/2026\/02\/Banner_Ueber_Mich-1024x567.jpeg ,https:\/\/www.voiceofdieuly.com\/wp-content\/uploads\/2026\/02\/Banner_Ueber_Mich-scaled.jpeg 780w, https:\/\/www.voiceofdieuly.com\/wp-content\/uploads\/2026\/02\/Banner_Ueber_Mich-scaled.jpeg 360w\" sizes=\"auto, (max-width: 480px) 150px\" src=\"https:\/\/www.voiceofdieuly.com\/wp-content\/uploads\/2026\/02\/Banner_Ueber_Mich-1024x567.jpeg\" alt=\"\" class=\"uag-image-1042\" width=\"2997\" height=\"1698\" title=\"Banner_Ueber_Mich\" loading=\"lazy\" role=\"img\"\/><div class=\"wp-block-uagb-image--layout-overlay__color-wrapper\"><\/div><div class=\"wp-block-uagb-image--layout-overlay__inner center-center\"><h4 class=\"uagb-image-heading\">A voice that touches...<\/h4><\/div><\/figure><\/div>\n\n\n\n<div class=\"wp-block-uagb-container uagb-block-7f058c51 alignfull uagb-is-root-container\"><div class=\"uagb-container-inner-blocks-wrap\">\n<p><\/p>\n\n\n\n<p><\/p>\n<\/div><\/div>\n\n\n\n<div class=\"wp-block-uagb-container uagb-block-80d5fce2 alignfull uagb-is-root-container\"><div class=\"uagb-container-inner-blocks-wrap\">\n<div class=\"wp-block-uagb-advanced-heading uagb-block-c6b24a0d\"><h2 class=\"uagb-heading-text\">About Dieuly<\/h2><\/div>\n\n\n\n<h4 class=\"wp-block-heading has-text-align-center\">Speaker \u00b7 Spiritual Mentor \u00b7 Intuitive Artist<\/h4>\n\n\n\n<p class=\"has-text-align-center\">Dieuly is a wedding celebrant, creating personal wedding ceremonies, farewell rituals and moments of transition in Berlin and internationally. Voice of Dieuly stands for the power of meaningful, spoken moments.<\/p>\n\n\n\n<p class=\"has-text-align-center\"><strong>\"Some things begin where words fall silent.\"<\/strong><\/p>\n<\/div><\/div>\n\n\n\n<div class=\"wp-block-uagb-container uagb-block-9ca32201 alignfull uagb-is-root-container\"><div class=\"uagb-container-inner-blocks-wrap\">\n<div class=\"wp-block-uagb-container uagb-block-d3d14bfa\">\n<figure class=\"wp-block-image size-large is-style-rounded\"><img loading=\"lazy\" decoding=\"async\" width=\"683\" height=\"1024\" src=\"https:\/\/www.voiceofdieuly.com\/wp-content\/uploads\/2026\/02\/DSCF9250-683x1024.jpg\" alt=\"\" class=\"wp-image-693\" srcset=\"https:\/\/www.voiceofdieuly.com\/wp-content\/uploads\/2026\/02\/DSCF9250-683x1024.jpg 683w, https:\/\/www.voiceofdieuly.com\/wp-content\/uploads\/2026\/02\/DSCF9250-200x300.jpg 200w, https:\/\/www.voiceofdieuly.com\/wp-content\/uploads\/2026\/02\/DSCF9250-768x1152.jpg 768w, https:\/\/www.voiceofdieuly.com\/wp-content\/uploads\/2026\/02\/DSCF9250-1024x1536.jpg 1024w, https:\/\/www.voiceofdieuly.com\/wp-content\/uploads\/2026\/02\/DSCF9250-1366x2048.jpg 1366w, https:\/\/www.voiceofdieuly.com\/wp-content\/uploads\/2026\/02\/DSCF9250-8x12.jpg 8w, https:\/\/www.voiceofdieuly.com\/wp-content\/uploads\/2026\/02\/DSCF9250.jpg 1587w\" sizes=\"auto, (max-width: 683px) 100vw, 683px\" \/><\/figure>\n<\/div>\n\n\n\n<div class=\"wp-block-uagb-container uagb-block-47b09b53\">\n<p>I accompany people in meaningful moments. With presence, stillness, and words that carry. Holding space for what is said and for what remains unspoken. <\/p>\n\n\n\n<p>I believe in the power of the voice when words gain weight. Not because they are perfectly crafted, but because they are carried in the right moment.<\/p>\n\n\n\n<p>I live and work in Berlin and am active internationally. <\/p>\n\n\n\n<p>When a moment carries meaning,\nit deserves to be treated with care.<\/p>\n<\/div>\n<\/div><\/div>\n\n\n\n<div style=\"height:12px\" aria-hidden=\"true\" class=\"wp-block-spacer\"><\/div>\n\n\n\n<div class=\"wp-block-uagb-buttons uagb-buttons__outer-wrap uagb-btn__default-btn uagb-btn-tablet__default-btn uagb-btn-mobile__default-btn uagb-block-d2c5c611\"><div class=\"uagb-buttons__wrap uagb-buttons-layout-wrap\">\n<div class=\"wp-block-uagb-buttons-child uagb-buttons__outer-wrap uagb-block-d7217840 wp-block-button\"><div class=\"uagb-button__wrapper\"><a class=\"uagb-buttons-repeater wp-block-button__link\" aria-label=\"\" href=\"\/en\/kontakt\/\" rel=\"follow noopener\" target=\"_self\" role=\"button\"><div class=\"uagb-button__link\">Request a first conversation<\/div><\/a><\/div><\/div>\n<\/div><\/div>\n\n\n\n<div class=\"wp-block-uagb-container uagb-block-5a7f150e alignfull uagb-is-root-container\"><div class=\"uagb-container-inner-blocks-wrap\">\n<p><\/p>\n\n\n\n<p><\/p>\n<\/div><\/div>\n\n\n\n<div class=\"wp-block-uagb-container uagb-block-e9d4af18 alignfull uagb-is-root-container\"><div class=\"uagb-container-inner-blocks-wrap\">\n<div class=\"wp-block-uagb-container uagb-block-c1e10f60\">\n<figure class=\"wp-block-image size-large is-style-default\"><img loading=\"lazy\" decoding=\"async\" width=\"699\" height=\"1024\" src=\"https:\/\/www.voiceofdieuly.com\/wp-content\/uploads\/2026\/02\/521CC89D-6F84-4941-9AE3-E0FBB45CB01E-2-699x1024.jpg\" alt=\"\" class=\"wp-image-694\" srcset=\"https:\/\/www.voiceofdieuly.com\/wp-content\/uploads\/2026\/02\/521CC89D-6F84-4941-9AE3-E0FBB45CB01E-2-699x1024.jpg 699w, https:\/\/www.voiceofdieuly.com\/wp-content\/uploads\/2026\/02\/521CC89D-6F84-4941-9AE3-E0FBB45CB01E-2-205x300.jpg 205w, https:\/\/www.voiceofdieuly.com\/wp-content\/uploads\/2026\/02\/521CC89D-6F84-4941-9AE3-E0FBB45CB01E-2-768x1126.jpg 768w, https:\/\/www.voiceofdieuly.com\/wp-content\/uploads\/2026\/02\/521CC89D-6F84-4941-9AE3-E0FBB45CB01E-2-1048x1536.jpg 1048w, https:\/\/www.voiceofdieuly.com\/wp-content\/uploads\/2026\/02\/521CC89D-6F84-4941-9AE3-E0FBB45CB01E-2-8x12.jpg 8w, https:\/\/www.voiceofdieuly.com\/wp-content\/uploads\/2026\/02\/521CC89D-6F84-4941-9AE3-E0FBB45CB01E-2.jpg 1205w\" sizes=\"auto, (max-width: 699px) 100vw, 699px\" \/><\/figure>\n<\/div>\n\n\n\n<div class=\"wp-block-uagb-container uagb-block-dbb2fa57\">\n<p class=\"has-accent-color has-text-color has-link-color wp-elements-4c7e59a34ad0138bc5b7a08a8e3cdf07\"><em><em><strong>Soon to come&#8230;<\/strong><\/em><\/em><\/p>\n\n\n\n<p>This is the story of a woman who transformed darkness into dignity and loss into light:<\/p>\n\n\n\n<p><strong>\u201cAnd I carried the sky on my skin \u2014 How I learned to be home to myself\u201d<\/strong> is a poetic autobiography about origin, loss, and the power of healing.<\/p>\n\n\n\n<p><strong>Dieuly<\/strong> It tells her story from Vietnam to Berlin, from childhood trauma to a new beginning \u2014 a life between darkness and light. In the midst of pain, she finds her voice, transforms fractures into dignity, and discovers: home is not a place, but a state of the heart.<\/p>\n\n\n\n<p>This book combines personal memoir with spiritual depth and astrological reflections. It is both a testimony and a source of comfort for all who believe that love, loss, and transformation shape us into who we truly are.<\/p>\n<\/div>\n<\/div><\/div>\n\n\n\n<div style=\"height:70px\" aria-hidden=\"true\" class=\"wp-block-spacer\"><\/div>\n\n\n\n<div class=\"wp-block-uagb-container uagb-block-dd8880a1 alignfull uagb-is-root-container\"><div class=\"uagb-container-inner-blocks-wrap\">\n<div class=\"wp-block-uagb-container uagb-block-21da7c63\">\n<div class=\"wp-block-uagb-container uagb-block-8c01dbeb\">\n<p class=\"has-accent-color has-text-color has-link-color wp-elements-4c7e59a34ad0138bc5b7a08a8e3cdf07\"><em><em><strong>Soon to come&#8230;<\/strong><\/em><\/em><\/p>\n\n\n\n<p><strong>\u201cAnaya \u2013 The Sun Child and the Colors of Healing\u201d<\/strong> is a fairytale-like, spiritual children\u2019s book about inner strength, imagination, and the healing language of colors.<\/p>\n\n\n\n<p><strong>Dieuly Doan<\/strong> told with gentle depth, the story follows a little girl who, accompanied by nature, light, and loving soul companions, journeys through seven magical places of power.\nIn a world full of challenges, Anaya discovers the beauty within herself, her strength, her feelings, her dreams. It is a book about dignity, self-empowerment, and the light that every child carries within.<\/p>\n\n\n\n<p>A loving companion for children and a heartfelt gift for all who wish to place hope and warmth into their hands as they walk their path.<\/p>\n<\/div>\n<\/div>\n\n\n\n<div class=\"wp-block-uagb-container uagb-block-2e5345df\">\n<div style=\"height:40px\" aria-hidden=\"true\" class=\"wp-block-spacer\"><\/div>\n\n\n\n<figure class=\"wp-block-image size-large is-style-default\"><img loading=\"lazy\" decoding=\"async\" width=\"683\" height=\"1024\" src=\"https:\/\/www.voiceofdieuly.com\/wp-content\/uploads\/2025\/10\/adsudfdh_vod-683x1024.jpeg\" alt=\"\" class=\"wp-image-503\" srcset=\"https:\/\/www.voiceofdieuly.com\/wp-content\/uploads\/2025\/10\/adsudfdh_vod-683x1024.jpeg 683w, https:\/\/www.voiceofdieuly.com\/wp-content\/uploads\/2025\/10\/adsudfdh_vod-200x300.jpeg 200w, https:\/\/www.voiceofdieuly.com\/wp-content\/uploads\/2025\/10\/adsudfdh_vod-768x1152.jpeg 768w, https:\/\/www.voiceofdieuly.com\/wp-content\/uploads\/2025\/10\/adsudfdh_vod.jpeg 1024w\" sizes=\"auto, (max-width: 683px) 100vw, 683px\" \/><\/figure>\n\n\n\n<div style=\"height:40px\" aria-hidden=\"true\" class=\"wp-block-spacer\"><\/div>\n<\/div>\n<\/div><\/div>\n\n\n\n<div style=\"height:70px\" aria-hidden=\"true\" class=\"wp-block-spacer\"><\/div>\n\n\n\n<div class=\"wp-block-uagb-container uagb-block-1149cb8d alignfull uagb-is-root-container\"><div class=\"uagb-container-inner-blocks-wrap\">\n<div class=\"wp-block-uagb-container uagb-block-486f8c91\">\n<figure class=\"wp-block-image size-full is-style-default\"><img loading=\"lazy\" decoding=\"async\" width=\"1191\" height=\"1191\" src=\"https:\/\/www.voiceofdieuly.com\/wp-content\/uploads\/2026\/02\/856645DD-862A-4E32-BA33-33DEFECFC114.jpg\" alt=\"\" class=\"wp-image-701\" srcset=\"https:\/\/www.voiceofdieuly.com\/wp-content\/uploads\/2026\/02\/856645DD-862A-4E32-BA33-33DEFECFC114.jpg 1191w, https:\/\/www.voiceofdieuly.com\/wp-content\/uploads\/2026\/02\/856645DD-862A-4E32-BA33-33DEFECFC114-300x300.jpg 300w, https:\/\/www.voiceofdieuly.com\/wp-content\/uploads\/2026\/02\/856645DD-862A-4E32-BA33-33DEFECFC114-1024x1024.jpg 1024w, https:\/\/www.voiceofdieuly.com\/wp-content\/uploads\/2026\/02\/856645DD-862A-4E32-BA33-33DEFECFC114-150x150.jpg 150w, https:\/\/www.voiceofdieuly.com\/wp-content\/uploads\/2026\/02\/856645DD-862A-4E32-BA33-33DEFECFC114-768x768.jpg 768w, https:\/\/www.voiceofdieuly.com\/wp-content\/uploads\/2026\/02\/856645DD-862A-4E32-BA33-33DEFECFC114-12x12.jpg 12w\" sizes=\"auto, (max-width: 1191px) 100vw, 1191px\" \/><\/figure>\n<\/div>\n\n\n\n<div class=\"wp-block-uagb-container uagb-block-c11ae037\">\n<div style=\"height:40px\" aria-hidden=\"true\" class=\"wp-block-spacer\"><\/div>\n\n\n\n<p><strong>Voice of Dieuly - Letters to Life<\/strong><\/p>\n\n\n\n<p>Words that warm. Letters that remember. Gentle embraces for the soul.<\/p>\n\n\n\n<p>In this <strong>Podcast<\/strong> I share thoughts on love, light, being human, and the quiet voices of the heart. Each episode invites you to pause for a moment, feel more deeply, and remember what truly carries you.<\/p>\n\n\n\n<p>\ud83c\udfa7 Available on:  <a href=\"https:\/\/open.spotify.com\/show\/2CS3VBsYKdNNp3SlrggxIZ\" target=\"_blank\" rel=\"noopener\">Spotify<\/a>, <a href=\"https:\/\/podcasts.apple.com\/sk\/podcast\/voice-of-dieuly-briefe-an-das-leben\/id1834970282\" target=\"_blank\" rel=\"noopener\">Apple Podcasts<\/a> &amp; <a href=\"https:\/\/www.youtube.com\/@voiceofdieuly\" target=\"_blank\" rel=\"noopener\">YouTube<\/a><\/p>\n\n\n\n<div style=\"height:40px\" aria-hidden=\"true\" class=\"wp-block-spacer\"><\/div>\n<\/div>\n<\/div><\/div>\n\n\n\n<div style=\"height:70px\" aria-hidden=\"true\" class=\"wp-block-spacer\"><\/div>\n\n\n\n<p><\/p>","protected":false},"excerpt":{"rendered":"<p>\u00dcber Dieuly Rednerin \u00b7 spirituelle Mentorin \u00b7 intuitive K\u00fcnstlerin Dieuly ist freie Hochzeitsrednerin f\u00fcr pers\u00f6nliche Hochzeitsreden, Abschiedszeremonien und R\u00e4ume f\u00fcr \u00dcberg\u00e4nge &#8211; in Berlin und international t\u00e4tig. Voice of Dieuly steht f\u00fcr die Kraft bedeutsamer, gesprochener Augenblicke. &#8222;Manches beginnt dort, wo Worte enden.&#8220; Ich begleite Menschen in bedeutenden Momenten mit Worten, die tragen. Mit Pr\u00e4senz, &#8230; <a title=\"About me\" class=\"read-more\" href=\"https:\/\/www.voiceofdieuly.com\/en\/ueber-mich\/\" aria-label=\"Read more about \u00dcber mich\">Read more<\/a><\/p>","protected":false},"author":1,"featured_media":0,"parent":0,"menu_order":0,"comment_status":"closed","ping_status":"closed","template":"","meta":{"_uag_custom_page_level_css":"","footnotes":""},"class_list":["post-193","page","type-page","status-publish"],"uagb_featured_image_src":{"full":false,"thumbnail":false,"medium":false,"medium_large":false,"large":false,"1536x1536":false,"2048x2048":false,"trp-custom-language-flag":false},"uagb_author_info":{"display_name":"admin","author_link":"https:\/\/www.voiceofdieuly.com\/en\/author\/admin\/"},"uagb_comment_info":0,"uagb_excerpt":"\u00dcber Dieuly Rednerin \u00b7 spirituelle Mentorin \u00b7 intuitive K\u00fcnstlerin Dieuly ist freie Hochzeitsrednerin f\u00fcr pers\u00f6nliche Hochzeitsreden, Abschiedszeremonien und R\u00e4ume f\u00fcr \u00dcberg\u00e4nge &#8211; in Berlin und international t\u00e4tig. Voice of Dieuly steht f\u00fcr die Kraft bedeutsamer, gesprochener Augenblicke. &#8222;Manches beginnt dort, wo Worte enden.&#8220; Ich begleite Menschen in bedeutenden Momenten mit Worten, die tragen. Mit Pr\u00e4senz,&hellip;","_links":{"self":[{"href":"https:\/\/www.voiceofdieuly.com\/en\/wp-json\/wp\/v2\/pages\/193","targetHints":{"allow":["GET"]}}],"collection":[{"href":"https:\/\/www.voiceofdieuly.com\/en\/wp-json\/wp\/v2\/pages"}],"about":[{"href":"https:\/\/www.voiceofdieuly.com\/en\/wp-json\/wp\/v2\/types\/page"}],"author":[{"embeddable":true,"href":"https:\/\/www.voiceofdieuly.com\/en\/wp-json\/wp\/v2\/users\/1"}],"replies":[{"embeddable":true,"href":"https:\/\/www.voiceofdieuly.com\/en\/wp-json\/wp\/v2\/comments?post=193"}],"version-history":[{"count":94,"href":"https:\/\/www.voiceofdieuly.com\/en\/wp-json\/wp\/v2\/pages\/193\/revisions"}],"predecessor-version":[{"id":1046,"href":"https:\/\/www.voiceofdieuly.com\/en\/wp-json\/wp\/v2\/pages\/193\/revisions\/1046"}],"wp:attachment":[{"href":"https:\/\/www.voiceofdieuly.com\/en\/wp-json\/wp\/v2\/media?parent=193"}],"curies":[{"name":"wp","href":"https:\/\/api.w.org\/{rel}","templated":true}]}}