{"id":188,"date":"2025-06-16T23:02:59","date_gmt":"2025-06-16T23:02:59","guid":{"rendered":"http:\/\/voiceofdieuly.com\/?page_id=188"},"modified":"2026-02-26T19:39:11","modified_gmt":"2026-02-26T19:39:11","slug":"freie-hochzeitsreden","status":"publish","type":"page","link":"https:\/\/www.voiceofdieuly.com\/en\/freie-hochzeitsreden\/","title":{"rendered":"Wedding Celebrant"},"content":{"rendered":"<figure class=\"wp-block-video alignfull\"><video height=\"1080\" style=\"aspect-ratio: 1920 \/ 1080;\" width=\"1920\" autoplay loop muted src=\"https:\/\/www.voiceofdieuly.com\/wp-content\/uploads\/2026\/02\/copy_82C7056B-FC05-406D-B068-C3E706CC873B.mov\" playsinline><\/video><\/figure>\n\n\n\n<div class=\"wp-block-uagb-container uagb-block-6fef2174 alignfull uagb-is-root-container\"><div class=\"uagb-container-inner-blocks-wrap\">\n<p><\/p>\n<\/div><\/div>\n\n\n\n<div class=\"wp-block-uagb-container uagb-block-553fb650 alignfull uagb-is-root-container\"><div class=\"uagb-container-inner-blocks-wrap\">\n<div class=\"wp-block-uagb-container uagb-block-eb5a7409\"><\/div>\n\n\n\n<div class=\"wp-block-uagb-container uagb-block-825b48e1\">\n<div class=\"wp-block-uagb-advanced-heading uagb-block-7dc881d8\"><h2 class=\"uagb-heading-text\">Weddings<\/h2><\/div>\n\n\n\n<h5 class=\"wp-block-heading has-text-align-center\">Words for a  wedding day that holds meaning. Personal. Calm. True.<\/h5>\n\n\n\n<p class=\"has-text-align-center\">For couples who wish to tell their story\nwith depth and presence - in Berlin and internationally, and in places that hold meaning.<\/p>\n\n\n\n<p class=\"has-text-align-center\"><strong>Free Wedding Ceremonies \u00b7 Destination Weddings \u00b7 International Weddings<\/strong><\/p>\n<\/div>\n\n\n\n<div class=\"wp-block-uagb-container uagb-block-f9cd20bf\"><\/div>\n<\/div><\/div>\n\n\n\n<div class=\"wp-block-group is-nowrap is-layout-flex wp-container-core-group-is-layout-ad2f72ca wp-block-group-is-layout-flex\"><\/div>\n\n\n\n<div style=\"height:0px\" aria-hidden=\"true\" class=\"wp-block-spacer\"><\/div>\n\n\n\n<div class=\"wp-block-uagb-container uagb-block-36ac5d39 alignfull uagb-is-root-container\"><div class=\"uagb-container-inner-blocks-wrap\">\n<div class=\"wp-block-uagb-container uagb-block-3521b3d4\"><div class=\"wp-block-image\">\n<figure class=\"aligncenter size-full is-resized\"><img loading=\"lazy\" decoding=\"async\" width=\"648\" height=\"675\" src=\"http:\/\/voiceofdieuly.com\/wp-content\/uploads\/2025\/06\/logo.png\" alt=\"\" class=\"wp-image-110\" style=\"width:248px;height:auto\" srcset=\"https:\/\/www.voiceofdieuly.com\/wp-content\/uploads\/2025\/06\/logo.png 648w, https:\/\/www.voiceofdieuly.com\/wp-content\/uploads\/2025\/06\/logo-288x300.png 288w\" sizes=\"auto, (max-width: 648px) 100vw, 648px\" \/><\/figure>\n<\/div><\/div>\n\n\n\n<div class=\"wp-block-uagb-container uagb-block-99c43544\">\n<p class=\"has-accent-color has-text-color has-link-color wp-elements-176355f49fef58d54dce1fbb63e49a00\">For a love that is heard and felt.<\/p>\n\n\n\n<p>It begins with a gentle hello...<\/p>\n\n\n\n<div class=\"wp-block-buttons is-content-justification-left is-layout-flex wp-container-core-buttons-is-layout-fdcfc74e wp-block-buttons-is-layout-flex\">\n<div class=\"wp-block-button is-style-fill\"><a class=\"wp-block-button__link has-base-3-color has-text-color has-background has-link-color wp-element-button\" href=\"https:\/\/www.voiceofdieuly.com\/en\/kontakt\/\" style=\"border-radius:10px;background-color:#b8811b\">Contact form:<\/a><\/div>\n<\/div>\n<\/div>\n<\/div><\/div>\n\n\n\n<div style=\"height:112px\" aria-hidden=\"true\" class=\"wp-block-spacer\"><\/div>\n\n\n\n<div style=\"height:0px\" aria-hidden=\"true\" class=\"wp-block-spacer\"><\/div>\n\n\n\n<div style=\"height:68px\" aria-hidden=\"true\" class=\"wp-block-spacer\"><\/div>\n\n\n\n<div style=\"height:97px\" aria-hidden=\"true\" class=\"wp-block-spacer\"><\/div>","protected":false},"excerpt":{"rendered":"<p>Hochzeiten Worte f\u00fcr einen Hochzeitstag, der tr\u00e4gt. Pers\u00f6nlich. Ruhig. Wahrhaftig. F\u00fcr Paare, die ihre Geschichte mit Tiefe und Pr\u00e4senz erz\u00e4hlen m\u00f6chten &#8211; in Berlin, international und an Orten, die Bedeutung haben. Freie Trauungen \u00b7 Destination Weddings \u00b7 Internationale Hochzeiten F\u00fcr eine Liebe, die geh\u00f6rt und gef\u00fchlt wird&#8230; Unverbindliches Kennenlernen anfragen:<\/p>","protected":false},"author":1,"featured_media":0,"parent":0,"menu_order":0,"comment_status":"closed","ping_status":"closed","template":"","meta":{"_uag_custom_page_level_css":"","footnotes":""},"class_list":["post-188","page","type-page","status-publish"],"uagb_featured_image_src":{"full":false,"thumbnail":false,"medium":false,"medium_large":false,"large":false,"1536x1536":false,"2048x2048":false,"trp-custom-language-flag":false},"uagb_author_info":{"display_name":"admin","author_link":"https:\/\/www.voiceofdieuly.com\/en\/author\/admin\/"},"uagb_comment_info":0,"uagb_excerpt":"Hochzeiten Worte f\u00fcr einen Hochzeitstag, der tr\u00e4gt. Pers\u00f6nlich. Ruhig. Wahrhaftig. F\u00fcr Paare, die ihre Geschichte mit Tiefe und Pr\u00e4senz erz\u00e4hlen m\u00f6chten &#8211; in Berlin, international und an Orten, die Bedeutung haben. Freie Trauungen \u00b7 Destination Weddings \u00b7 Internationale Hochzeiten F\u00fcr eine Liebe, die geh\u00f6rt und gef\u00fchlt wird&#8230; Unverbindliches Kennenlernen anfragen:","_links":{"self":[{"href":"https:\/\/www.voiceofdieuly.com\/en\/wp-json\/wp\/v2\/pages\/188","targetHints":{"allow":["GET"]}}],"collection":[{"href":"https:\/\/www.voiceofdieuly.com\/en\/wp-json\/wp\/v2\/pages"}],"about":[{"href":"https:\/\/www.voiceofdieuly.com\/en\/wp-json\/wp\/v2\/types\/page"}],"author":[{"embeddable":true,"href":"https:\/\/www.voiceofdieuly.com\/en\/wp-json\/wp\/v2\/users\/1"}],"replies":[{"embeddable":true,"href":"https:\/\/www.voiceofdieuly.com\/en\/wp-json\/wp\/v2\/comments?post=188"}],"version-history":[{"count":67,"href":"https:\/\/www.voiceofdieuly.com\/en\/wp-json\/wp\/v2\/pages\/188\/revisions"}],"predecessor-version":[{"id":1071,"href":"https:\/\/www.voiceofdieuly.com\/en\/wp-json\/wp\/v2\/pages\/188\/revisions\/1071"}],"wp:attachment":[{"href":"https:\/\/www.voiceofdieuly.com\/en\/wp-json\/wp\/v2\/media?parent=188"}],"curies":[{"name":"wp","href":"https:\/\/api.w.org\/{rel}","templated":true}]}}